{"id":163,"date":"2025-11-20T19:42:52","date_gmt":"2025-11-20T18:42:52","guid":{"rendered":"https:\/\/aufildubois-menuisier.fr\/?page_id=163"},"modified":"2025-11-20T19:43:39","modified_gmt":"2025-11-20T18:43:39","slug":"mentions-legales","status":"publish","type":"page","link":"https:\/\/aufildubois-menuisier.fr\/index.php\/mentions-legales\/","title":{"rendered":"Mentions l\u00e9gales"},"content":{"rendered":"\n<h2 class=\"wp-block-heading\">1. Propri\u00e9taire du site<\/h2>\n\n\n\n<p><strong>S\u00e9bastien Gladu<\/strong><br>10 Rue de l\u2019\u00c9glise<br>29730 TREFFIAGAT \u2013 France<br>Email : <strong><a>sebastien@aufildubois.fr<\/a><\/strong><\/p>\n\n\n\n<hr class=\"wp-block-separator has-alpha-channel-opacity\"\/>\n\n\n\n<h2 class=\"wp-block-heading\">2. Statut de l\u2019entreprise<\/h2>\n\n\n\n<ul class=\"wp-block-list\">\n<li><strong>Entreprise individuelle<\/strong><\/li>\n\n\n\n<li><strong>SIREN :<\/strong> 933 899 429 00015<\/li>\n\n\n\n<li><strong>Num\u00e9ro TVA intracommunautaire :<\/strong> FR60933899429<\/li>\n<\/ul>\n\n\n\n<hr class=\"wp-block-separator has-alpha-channel-opacity\"\/>\n\n\n\n<h2 class=\"wp-block-heading\">3. Responsable de la publication<\/h2>\n\n\n\n<p><strong>S\u00e9bastien Gladu<\/strong><br>Email : <strong><a>sebastien@aufildubois.fr<\/a><\/strong><\/p>\n\n\n\n<hr class=\"wp-block-separator has-alpha-channel-opacity\"\/>\n\n\n\n<h2 class=\"wp-block-heading\">4. H\u00e9bergement du site<\/h2>\n\n\n\n<p>Le site est h\u00e9berg\u00e9 par :<br><strong>WordPress.com \/ Automattic Inc.<\/strong><br>60 29th Street #343<br>San Francisco, CA 94110<br>\u00c9tats-Unis<\/p>\n\n\n\n<hr class=\"wp-block-separator has-alpha-channel-opacity\"\/>\n\n\n\n<h2 class=\"wp-block-heading\">5. Propri\u00e9t\u00e9 intellectuelle<\/h2>\n\n\n\n<p>L\u2019ensemble des contenus pr\u00e9sents sur le site (<strong>textes, images, logo, \u00e9l\u00e9ments graphiques, structure, etc.<\/strong>) sont la <strong>propri\u00e9t\u00e9 exclusive de S\u00e9bastien Gladu<\/strong>, sauf mention contraire.<\/p>\n\n\n\n<p>Toute reproduction, modification ou diffusion est <strong>interdite sans autorisation pr\u00e9alable<\/strong>.<\/p>\n\n\n\n<hr class=\"wp-block-separator has-alpha-channel-opacity\"\/>\n\n\n\n<h2 class=\"wp-block-heading\">6. Responsabilit\u00e9<\/h2>\n\n\n\n<p>Le propri\u00e9taire du site <strong>ne peut \u00eatre tenu responsable<\/strong> de l\u2019utilisation faite des informations propos\u00e9es.<\/p>\n\n\n\n<p>Les liens \u00e9ventuels vers d\u2019autres sites <strong>n\u2019engagent pas la responsabilit\u00e9<\/strong> du propri\u00e9taire.<\/p>\n\n\n\n<hr class=\"wp-block-separator has-alpha-channel-opacity\"\/>\n\n\n\n<h2 class=\"wp-block-heading\">7. Contact<\/h2>\n\n\n\n<p>Pour toute question concernant le site :<br>\ud83d\udce7 <strong><a>sebastien@aufildubois.fr<\/a><\/strong><\/p>\n","protected":false},"excerpt":{"rendered":"<p>1. Propri\u00e9taire du site S\u00e9bastien Gladu10 Rue de l\u2019\u00c9glise29730 TREFFIAGAT \u2013 FranceEmail : sebastien@aufildubois.fr 2. Statut de l\u2019entreprise 3. Responsable de la publication S\u00e9bastien GladuEmail : sebastien@aufildubois.fr 4. H\u00e9bergement du site Le site est h\u00e9berg\u00e9 par :WordPress.com \/ Automattic Inc.60 29th Street #343San Francisco, CA 94110\u00c9tats-Unis 5. Propri\u00e9t\u00e9 intellectuelle L\u2019ensemble des contenus pr\u00e9sents sur le [&hellip;]<\/p>\n","protected":false},"author":1,"featured_media":0,"parent":0,"menu_order":0,"comment_status":"closed","ping_status":"closed","template":"","meta":{"footnotes":""},"class_list":["post-163","page","type-page","status-publish","hentry"],"_links":{"self":[{"href":"https:\/\/aufildubois-menuisier.fr\/index.php\/wp-json\/wp\/v2\/pages\/163","targetHints":{"allow":["GET"]}}],"collection":[{"href":"https:\/\/aufildubois-menuisier.fr\/index.php\/wp-json\/wp\/v2\/pages"}],"about":[{"href":"https:\/\/aufildubois-menuisier.fr\/index.php\/wp-json\/wp\/v2\/types\/page"}],"author":[{"embeddable":true,"href":"https:\/\/aufildubois-menuisier.fr\/index.php\/wp-json\/wp\/v2\/users\/1"}],"replies":[{"embeddable":true,"href":"https:\/\/aufildubois-menuisier.fr\/index.php\/wp-json\/wp\/v2\/comments?post=163"}],"version-history":[{"count":2,"href":"https:\/\/aufildubois-menuisier.fr\/index.php\/wp-json\/wp\/v2\/pages\/163\/revisions"}],"predecessor-version":[{"id":185,"href":"https:\/\/aufildubois-menuisier.fr\/index.php\/wp-json\/wp\/v2\/pages\/163\/revisions\/185"}],"wp:attachment":[{"href":"https:\/\/aufildubois-menuisier.fr\/index.php\/wp-json\/wp\/v2\/media?parent=163"}],"curies":[{"name":"wp","href":"https:\/\/api.w.org\/{rel}","templated":true}]}}